{"id":5614,"date":"2016-03-18T12:19:45","date_gmt":"2016-03-18T11:19:45","guid":{"rendered":"https:\/\/royaldiamonds.hu\/contact-us\/royal-diamonds-ekszerszalon\/"},"modified":"2025-10-21T19:14:51","modified_gmt":"2025-10-21T18:14:51","slug":"royal-diamonds-exclusive-jewellery-store","status":"publish","type":"page","link":"https:\/\/royaldiamonds.hu\/en\/contact-us\/royal-diamonds-exclusive-jewellery-store\/","title":{"rendered":"ROYAL DIAMONDS EXCLUSIVE JEWELLERY STORE &#038; SHOWROOM"},"content":{"rendered":"<div id=\"pl-5614\"  class=\"panel-layout\" >\n<div id=\"pg-5614-0\"  class=\"panel-grid panel-no-style\"  data-style=\"{&quot;background_image_attachment&quot;:false,&quot;background_display&quot;:&quot;tile&quot;,&quot;cell_alignment&quot;:&quot;flex-start&quot;}\"  data-ratio=\"1\"  data-ratio-direction=\"right\" >\n<div id=\"pgc-5614-0-0\"  class=\"panel-grid-cell\"  data-weight=\"0.25\" >\n<div id=\"panel-5614-0-0-0\" class=\"so-panel widget widget_sow-editor panel-first-child panel-last-child\" data-index=\"0\" data-style=\"{&quot;background_image_attachment&quot;:false,&quot;background_display&quot;:&quot;tile&quot;}\" >\n<div class=\"so-widget-sow-editor so-widget-sow-editor-base\">\n<div class=\"siteorigin-widget-tinymce textwidget\">\n\t<img decoding=\"async\" class=\"size-medium wp-image-5293 alignleft\" src=\"https:\/\/royaldiamonds.hu\/wp-content\/uploads\/2016\/03\/dalsz-244x300.jpg\" alt=\"dalsz\" width=\"244\" height=\"300\" srcset=\"https:\/\/royaldiamonds.hu\/wp-content\/uploads\/2016\/03\/dalsz-244x300.jpg 244w, https:\/\/royaldiamonds.hu\/wp-content\/uploads\/2016\/03\/dalsz-768x946.jpg 768w, https:\/\/royaldiamonds.hu\/wp-content\/uploads\/2016\/03\/dalsz-831x1024.jpg 831w\" sizes=\"(max-width: 244px) 100vw, 244px\" \/><\/div>\n<\/div>\n<\/div>\n<\/div>\n<div id=\"pgc-5614-0-1\"  class=\"panel-grid-cell\"  data-weight=\"0.75\" >\n<div id=\"panel-5614-0-1-0\" class=\"so-panel widget widget_sow-editor panel-first-child panel-last-child\" data-index=\"1\" data-style=\"{&quot;background_image_attachment&quot;:false,&quot;background_display&quot;:&quot;tile&quot;}\" >\n<div class=\"so-widget-sow-editor so-widget-sow-editor-base\">\n<div class=\"siteorigin-widget-tinymce textwidget\">\n\tOur most exclusive flagship store is located opposite to the Royal Entrance of the National Operahouse. This fabolous showroom is much more than a jewellery store, it  is a special location for exclusive, superclass events. In this store we carry a wide range of diamond pieces and other gemstone collections.<\/p>\n<p>Besides a big variety of diamond pieces we have special collections for weddings and individual wedding bands produced by the best italian manufacturers.<\/p>\n<p>It is also possible for our clients to order the production of fully, individually designed pieces.<\/p>\n<p>We also repair and clean any jewel in short terms at the highest quality standards.<\/p>\n<p><strong>Opening hours:<\/strong><br \/>\nDuring weekdays: 11:00 &#8211; 19:00<br \/>\nOn Saturday: 11:00 &#8211; 14:00<br \/>\nOn Sunday: Closed<\/p>\n<p><strong>Address:<\/strong><br \/>\n<a href=\"https:\/\/www.google.hu\/maps\/place\/Royal+Diamonds+%C3%89kszerh%C3%A1z+Kft.\/@47.502553,19.0556494,17z\/data=!4m13!1m7!3m6!1s0x4741dc6b82fd5959:0x2e50f75be6fee8be!2zQnVkYXBlc3QsIERhbHN6w61uaMOheiB1LiA4LCAxMDYx!3b1!8m2!3d47.5025494!4d19.0578434!3m4!1s0x4741dc6b93dc4e75:0x26f27414f3662003!8m2!3d47.502618!4d19.057803?hl=hu\" target=\"_blank\">1061 Budapest, Dalsz\u00ednh\u00e1z Street 8.<\/a><\/div>\n<\/div>\n<\/div>\n<\/div>\n<\/div>\n<div id=\"pg-5614-1\"  class=\"panel-grid panel-no-style\" >\n<div id=\"pgc-5614-1-0\"  class=\"panel-grid-cell\"  data-weight=\"1\" >\n<div id=\"panel-5614-1-0-0\" class=\"so-panel widget widget_sow-editor panel-first-child panel-last-child\" data-index=\"2\" data-style=\"{&quot;background_display&quot;:&quot;tile&quot;}\" >\n<div class=\"so-widget-sow-editor so-widget-sow-editor-base\">\n<div class=\"siteorigin-widget-tinymce textwidget\">\n\t<iframe src=\"https:\/\/www.google.com\/maps\/embed?pb=!1m18!1m12!1m3!1d2695.3512979342677!2d19.055654715231842!3d47.50254937917787!2m3!1f0!2f0!3f0!3m2!1i1024!2i768!4f13.1!3m3!1m2!1s0x4741dc6b82fd5959%3A0x2e50f75be6fee8be!2zQnVkYXBlc3QsIERhbHN6w61uaMOheiB1LiA4LCAxMDYx!5e0!3m2!1sen!2shu!4v1478172421921\" width=\"100%\" height=\"300\" frameborder=\"0\" style=\"border:0\" allowfullscreen><\/iframe><\/div>\n<\/div>\n<\/div>\n<\/div>\n<\/div>\n<\/div>\n","protected":false},"excerpt":{"rendered":"<p>Our most exclusive flagship store is located opposite to the Royal Entrance of the National Operahouse. This fabolous showroom is much more than a jewellery store, it is a special location for exclusive, superclass events. In this store we carry a wide range of diamond pieces and other gemstone collections. Besides a big variety of [&hellip;]<\/p>\n","protected":false},"author":1,"featured_media":0,"parent":5579,"menu_order":0,"comment_status":"closed","ping_status":"closed","template":"","meta":{"_acf_changed":false,"footnotes":""},"class_list":["post-5614","page","type-page","status-publish","hentry"],"acf":[],"yoast_head":"<!-- This site is optimized with the Yoast SEO plugin v24.5 - https:\/\/yoast.com\/wordpress\/plugins\/seo\/ -->\n<title>ROYAL DIAMONDS EXCLUSIVE JEWELLERY STORE &amp; SHOWROOM - Royal Diamonds<\/title>\n<meta name=\"robots\" content=\"index, follow, max-snippet:-1, max-image-preview:large, max-video-preview:-1\" \/>\n<link rel=\"canonical\" href=\"https:\/\/royaldiamonds.hu\/en\/contact-us\/royal-diamonds-exclusive-jewellery-store\/\" \/>\n<meta property=\"og:locale\" content=\"en_US\" \/>\n<meta property=\"og:type\" content=\"article\" \/>\n<meta property=\"og:title\" content=\"ROYAL DIAMONDS EXCLUSIVE JEWELLERY STORE &amp; SHOWROOM - Royal Diamonds\" \/>\n<meta property=\"og:description\" content=\"Our most exclusive flagship store is located opposite to the Royal Entrance of the National Operahouse. This fabolous showroom is much more than a jewellery store, it is a special location for exclusive, superclass events. In this store we carry a wide range of diamond pieces and other gemstone collections. Besides a big variety of [&hellip;]\" \/>\n<meta property=\"og:url\" content=\"https:\/\/royaldiamonds.hu\/en\/contact-us\/royal-diamonds-exclusive-jewellery-store\/\" \/>\n<meta property=\"og:site_name\" content=\"Royal Diamonds\" \/>\n<meta property=\"article:publisher\" content=\"https:\/\/www.facebook.com\/royaldiamonds.opera\" \/>\n<meta property=\"article:modified_time\" content=\"2025-10-21T18:14:51+00:00\" \/>\n<meta property=\"og:image\" content=\"https:\/\/royaldiamonds.hu\/wp-content\/uploads\/2016\/03\/dalsz.jpg\" \/>\n\t<meta property=\"og:image:width\" content=\"2389\" \/>\n\t<meta property=\"og:image:height\" content=\"2943\" \/>\n\t<meta property=\"og:image:type\" content=\"image\/jpeg\" \/>\n<meta name=\"twitter:card\" content=\"summary_large_image\" \/>\n<meta name=\"twitter:label1\" content=\"Est. reading time\" \/>\n\t<meta name=\"twitter:data1\" content=\"1 minute\" \/>\n<script type=\"application\/ld+json\" class=\"yoast-schema-graph\">{\"@context\":\"https:\/\/schema.org\",\"@graph\":[{\"@type\":\"WebPage\",\"@id\":\"https:\/\/royaldiamonds.hu\/en\/contact-us\/royal-diamonds-exclusive-jewellery-store\/\",\"url\":\"https:\/\/royaldiamonds.hu\/en\/contact-us\/royal-diamonds-exclusive-jewellery-store\/\",\"name\":\"ROYAL DIAMONDS EXCLUSIVE JEWELLERY STORE & SHOWROOM - Royal Diamonds\",\"isPartOf\":{\"@id\":\"https:\/\/royaldiamonds.hu\/#website\"},\"primaryImageOfPage\":{\"@id\":\"https:\/\/royaldiamonds.hu\/en\/contact-us\/royal-diamonds-exclusive-jewellery-store\/#primaryimage\"},\"image\":{\"@id\":\"https:\/\/royaldiamonds.hu\/en\/contact-us\/royal-diamonds-exclusive-jewellery-store\/#primaryimage\"},\"thumbnailUrl\":\"https:\/\/royaldiamonds.hu\/wp-content\/uploads\/2016\/03\/dalsz-244x300.jpg\",\"datePublished\":\"2016-03-18T11:19:45+00:00\",\"dateModified\":\"2025-10-21T18:14:51+00:00\",\"breadcrumb\":{\"@id\":\"https:\/\/royaldiamonds.hu\/en\/contact-us\/royal-diamonds-exclusive-jewellery-store\/#breadcrumb\"},\"inLanguage\":\"en-US\",\"potentialAction\":[{\"@type\":\"ReadAction\",\"target\":[\"https:\/\/royaldiamonds.hu\/en\/contact-us\/royal-diamonds-exclusive-jewellery-store\/\"]}]},{\"@type\":\"ImageObject\",\"inLanguage\":\"en-US\",\"@id\":\"https:\/\/royaldiamonds.hu\/en\/contact-us\/royal-diamonds-exclusive-jewellery-store\/#primaryimage\",\"url\":\"https:\/\/royaldiamonds.hu\/wp-content\/uploads\/2016\/03\/dalsz-244x300.jpg\",\"contentUrl\":\"https:\/\/royaldiamonds.hu\/wp-content\/uploads\/2016\/03\/dalsz-244x300.jpg\"},{\"@type\":\"BreadcrumbList\",\"@id\":\"https:\/\/royaldiamonds.hu\/en\/contact-us\/royal-diamonds-exclusive-jewellery-store\/#breadcrumb\",\"itemListElement\":[{\"@type\":\"ListItem\",\"position\":1,\"name\":\"Home\",\"item\":\"https:\/\/royaldiamonds.hu\/en\/\"},{\"@type\":\"ListItem\",\"position\":2,\"name\":\"Contact us\",\"item\":\"https:\/\/royaldiamonds.hu\/en\/contact-us\/\"},{\"@type\":\"ListItem\",\"position\":3,\"name\":\"ROYAL DIAMONDS EXCLUSIVE JEWELLERY STORE &#038; SHOWROOM\"}]},{\"@type\":\"WebSite\",\"@id\":\"https:\/\/royaldiamonds.hu\/#website\",\"url\":\"https:\/\/royaldiamonds.hu\/\",\"name\":\"Royal Diamonds\",\"description\":\"Aj\u00e1nd\u00e9kozzon val\u00f3di \u00e9rt\u00e9ket \u00e9s v\u00e1logasson a szebbn\u00e9l szebb k\u00fcl\u00f6nb\u00f6z\u0151 dr\u00e1gak\u00f6vekkel \u00e9s gy\u00e9m\u00e1ntokkal \u00e9kes\u00edtett egyedi \u00e9kszereink k\u00f6z\u00f6tt.\",\"publisher\":{\"@id\":\"https:\/\/royaldiamonds.hu\/#organization\"},\"potentialAction\":[{\"@type\":\"SearchAction\",\"target\":{\"@type\":\"EntryPoint\",\"urlTemplate\":\"https:\/\/royaldiamonds.hu\/?s={search_term_string}\"},\"query-input\":{\"@type\":\"PropertyValueSpecification\",\"valueRequired\":true,\"valueName\":\"search_term_string\"}}],\"inLanguage\":\"en-US\"},{\"@type\":\"Organization\",\"@id\":\"https:\/\/royaldiamonds.hu\/#organization\",\"name\":\"Royal Diamonds\",\"url\":\"https:\/\/royaldiamonds.hu\/\",\"logo\":{\"@type\":\"ImageObject\",\"inLanguage\":\"en-US\",\"@id\":\"https:\/\/royaldiamonds.hu\/#\/schema\/logo\/image\/\",\"url\":\"https:\/\/royaldiamonds.hu\/wp-content\/uploads\/2016\/02\/royal-diamonds-logo-white.png\",\"contentUrl\":\"https:\/\/royaldiamonds.hu\/wp-content\/uploads\/2016\/02\/royal-diamonds-logo-white.png\",\"width\":2294,\"height\":560,\"caption\":\"Royal Diamonds\"},\"image\":{\"@id\":\"https:\/\/royaldiamonds.hu\/#\/schema\/logo\/image\/\"},\"sameAs\":[\"https:\/\/www.facebook.com\/royaldiamonds.opera\"]}]}<\/script>\n<!-- \/ Yoast SEO plugin. -->","yoast_head_json":{"title":"ROYAL DIAMONDS EXCLUSIVE JEWELLERY STORE & SHOWROOM - Royal Diamonds","robots":{"index":"index","follow":"follow","max-snippet":"max-snippet:-1","max-image-preview":"max-image-preview:large","max-video-preview":"max-video-preview:-1"},"canonical":"https:\/\/royaldiamonds.hu\/en\/contact-us\/royal-diamonds-exclusive-jewellery-store\/","og_locale":"en_US","og_type":"article","og_title":"ROYAL DIAMONDS EXCLUSIVE JEWELLERY STORE & SHOWROOM - Royal Diamonds","og_description":"Our most exclusive flagship store is located opposite to the Royal Entrance of the National Operahouse. This fabolous showroom is much more than a jewellery store, it is a special location for exclusive, superclass events. In this store we carry a wide range of diamond pieces and other gemstone collections. Besides a big variety of [&hellip;]","og_url":"https:\/\/royaldiamonds.hu\/en\/contact-us\/royal-diamonds-exclusive-jewellery-store\/","og_site_name":"Royal Diamonds","article_publisher":"https:\/\/www.facebook.com\/royaldiamonds.opera","article_modified_time":"2025-10-21T18:14:51+00:00","og_image":[{"width":2389,"height":2943,"url":"https:\/\/royaldiamonds.hu\/wp-content\/uploads\/2016\/03\/dalsz.jpg","type":"image\/jpeg"}],"twitter_card":"summary_large_image","twitter_misc":{"Est. reading time":"1 minute"},"schema":{"@context":"https:\/\/schema.org","@graph":[{"@type":"WebPage","@id":"https:\/\/royaldiamonds.hu\/en\/contact-us\/royal-diamonds-exclusive-jewellery-store\/","url":"https:\/\/royaldiamonds.hu\/en\/contact-us\/royal-diamonds-exclusive-jewellery-store\/","name":"ROYAL DIAMONDS EXCLUSIVE JEWELLERY STORE & SHOWROOM - Royal Diamonds","isPartOf":{"@id":"https:\/\/royaldiamonds.hu\/#website"},"primaryImageOfPage":{"@id":"https:\/\/royaldiamonds.hu\/en\/contact-us\/royal-diamonds-exclusive-jewellery-store\/#primaryimage"},"image":{"@id":"https:\/\/royaldiamonds.hu\/en\/contact-us\/royal-diamonds-exclusive-jewellery-store\/#primaryimage"},"thumbnailUrl":"https:\/\/royaldiamonds.hu\/wp-content\/uploads\/2016\/03\/dalsz-244x300.jpg","datePublished":"2016-03-18T11:19:45+00:00","dateModified":"2025-10-21T18:14:51+00:00","breadcrumb":{"@id":"https:\/\/royaldiamonds.hu\/en\/contact-us\/royal-diamonds-exclusive-jewellery-store\/#breadcrumb"},"inLanguage":"en-US","potentialAction":[{"@type":"ReadAction","target":["https:\/\/royaldiamonds.hu\/en\/contact-us\/royal-diamonds-exclusive-jewellery-store\/"]}]},{"@type":"ImageObject","inLanguage":"en-US","@id":"https:\/\/royaldiamonds.hu\/en\/contact-us\/royal-diamonds-exclusive-jewellery-store\/#primaryimage","url":"https:\/\/royaldiamonds.hu\/wp-content\/uploads\/2016\/03\/dalsz-244x300.jpg","contentUrl":"https:\/\/royaldiamonds.hu\/wp-content\/uploads\/2016\/03\/dalsz-244x300.jpg"},{"@type":"BreadcrumbList","@id":"https:\/\/royaldiamonds.hu\/en\/contact-us\/royal-diamonds-exclusive-jewellery-store\/#breadcrumb","itemListElement":[{"@type":"ListItem","position":1,"name":"Home","item":"https:\/\/royaldiamonds.hu\/en\/"},{"@type":"ListItem","position":2,"name":"Contact us","item":"https:\/\/royaldiamonds.hu\/en\/contact-us\/"},{"@type":"ListItem","position":3,"name":"ROYAL DIAMONDS EXCLUSIVE JEWELLERY STORE &#038; SHOWROOM"}]},{"@type":"WebSite","@id":"https:\/\/royaldiamonds.hu\/#website","url":"https:\/\/royaldiamonds.hu\/","name":"Royal Diamonds","description":"Aj\u00e1nd\u00e9kozzon val\u00f3di \u00e9rt\u00e9ket \u00e9s v\u00e1logasson a szebbn\u00e9l szebb k\u00fcl\u00f6nb\u00f6z\u0151 dr\u00e1gak\u00f6vekkel \u00e9s gy\u00e9m\u00e1ntokkal \u00e9kes\u00edtett egyedi \u00e9kszereink k\u00f6z\u00f6tt.","publisher":{"@id":"https:\/\/royaldiamonds.hu\/#organization"},"potentialAction":[{"@type":"SearchAction","target":{"@type":"EntryPoint","urlTemplate":"https:\/\/royaldiamonds.hu\/?s={search_term_string}"},"query-input":{"@type":"PropertyValueSpecification","valueRequired":true,"valueName":"search_term_string"}}],"inLanguage":"en-US"},{"@type":"Organization","@id":"https:\/\/royaldiamonds.hu\/#organization","name":"Royal Diamonds","url":"https:\/\/royaldiamonds.hu\/","logo":{"@type":"ImageObject","inLanguage":"en-US","@id":"https:\/\/royaldiamonds.hu\/#\/schema\/logo\/image\/","url":"https:\/\/royaldiamonds.hu\/wp-content\/uploads\/2016\/02\/royal-diamonds-logo-white.png","contentUrl":"https:\/\/royaldiamonds.hu\/wp-content\/uploads\/2016\/02\/royal-diamonds-logo-white.png","width":2294,"height":560,"caption":"Royal Diamonds"},"image":{"@id":"https:\/\/royaldiamonds.hu\/#\/schema\/logo\/image\/"},"sameAs":["https:\/\/www.facebook.com\/royaldiamonds.opera"]}]}},"_links":{"self":[{"href":"https:\/\/royaldiamonds.hu\/en\/wp-json\/wp\/v2\/pages\/5614","targetHints":{"allow":["GET"]}}],"collection":[{"href":"https:\/\/royaldiamonds.hu\/en\/wp-json\/wp\/v2\/pages"}],"about":[{"href":"https:\/\/royaldiamonds.hu\/en\/wp-json\/wp\/v2\/types\/page"}],"author":[{"embeddable":true,"href":"https:\/\/royaldiamonds.hu\/en\/wp-json\/wp\/v2\/users\/1"}],"replies":[{"embeddable":true,"href":"https:\/\/royaldiamonds.hu\/en\/wp-json\/wp\/v2\/comments?post=5614"}],"version-history":[{"count":1,"href":"https:\/\/royaldiamonds.hu\/en\/wp-json\/wp\/v2\/pages\/5614\/revisions"}],"predecessor-version":[{"id":9656,"href":"https:\/\/royaldiamonds.hu\/en\/wp-json\/wp\/v2\/pages\/5614\/revisions\/9656"}],"up":[{"embeddable":true,"href":"https:\/\/royaldiamonds.hu\/en\/wp-json\/wp\/v2\/pages\/5579"}],"wp:attachment":[{"href":"https:\/\/royaldiamonds.hu\/en\/wp-json\/wp\/v2\/media?parent=5614"}],"curies":[{"name":"wp","href":"https:\/\/api.w.org\/{rel}","templated":true}]}}