{"id":5610,"date":"2016-03-30T09:13:30","date_gmt":"2016-03-30T08:13:30","guid":{"rendered":"https:\/\/royaldiamonds.hu\/contact-us\/royal-premium-ekszerszalonok\/"},"modified":"2020-08-27T17:32:25","modified_gmt":"2020-08-27T16:32:25","slug":"royal-premium-jewellery-stores","status":"publish","type":"page","link":"https:\/\/royaldiamonds.hu\/en\/contact-us\/royal-premium-jewellery-stores\/","title":{"rendered":"ROYAL PREMIUM JEWELLERY STORES"},"content":{"rendered":"<div id=\"pl-5610\"  class=\"panel-layout\" >\n<div id=\"pg-5610-0\"  class=\"panel-grid panel-no-style\" >\n<div id=\"pgc-5610-0-0\"  class=\"panel-grid-cell\"  data-weight=\"1\" >\n<div id=\"panel-5610-0-0-0\" class=\"so-panel widget widget_sow-editor panel-first-child panel-last-child\" data-index=\"0\" data-style=\"{&quot;background_display&quot;:&quot;tile&quot;}\" >\n<div class=\"so-widget-sow-editor so-widget-sow-editor-base\">\n<div class=\"siteorigin-widget-tinymce textwidget\">\n<div id=\"custom-map\" data-stores=\"premium\"><!-- Custom map with multiple markers. Do not modify pls. --><\/div>\n<hr style=\"height: 1px; width: 100%; background: #eee; margin: 20px 0; display: block;\" \/><\/div>\n<\/div>\n<\/div>\n<\/div>\n<\/div>\n<div id=\"pg-5610-1\"  class=\"panel-grid panel-no-style\"  data-style=\"{&quot;background_image_attachment&quot;:false,&quot;background_display&quot;:&quot;tile&quot;,&quot;cell_alignment&quot;:&quot;flex-start&quot;}\"  data-ratio=\"1\"  data-ratio-direction=\"right\" >\n<div id=\"pgc-5610-1-0\"  class=\"panel-grid-cell\"  data-weight=\"1\" >\n<div id=\"panel-5610-1-0-0\" class=\"so-panel widget widget_sow-editor panel-first-child panel-last-child\" data-index=\"1\" data-style=\"{&quot;background_image_attachment&quot;:false,&quot;background_display&quot;:&quot;tile&quot;}\" >\n<div class=\"so-widget-sow-editor so-widget-sow-editor-base\">\n<div class=\"siteorigin-widget-tinymce textwidget\">\n<h2 style=\"text-align: center; font-variant: small-caps;\"><a href=\"https:\/\/royaldiamonds.hu\/en\/contact-us\/royal-premium-jewellery-stores\/lauli-jewellery-store\/\">LAULI JEWELLERY STORE<\/a><\/h2>\n<p><a href=\"https:\/\/royaldiamonds.hu\/en\/contact-us\/royal-premium-jewellery-stores\/lauli-jewellery-store\/\"><img decoding=\"async\" class=\"aligncenter size-medium wp-image-5442\" src=\"https:\/\/royaldiamonds.hu\/wp-content\/uploads\/2016\/03\/lauli-1-300x255.jpg\" alt=\"lauli\" width=\"300\" height=\"255\" \/><\/a><\/p>\n<p style=\"text-align: center;\"><a href=\"https:\/\/www.google.hu\/maps\/place\/Royal+Diamonds+Lauli+\u00c9kszerszalon\/@47.5148156,19.047197,17z\/data=!4m13!1m7!3m6!1s0x4741dc08ca8f3b49:0xb06d03e052e6f74a!2sBudapest,+Pozsonyi+\u00fat+9,+1137!3b1!8m2!3d47.514812!4d19.049391!3m4!1s0x4741dc08ca8f3b49:0x37df05661b46b24!8m2!3d47.514812!4d19.049391?hl=hu\" target=\"_blank\" rel=\"noopener noreferrer\">1137. BUDAPEST, Pozsonyi Street 9.<\/a><br \/>\ntel. no.: <a href=\"tel:+3613404039\">+3613404039<br \/>\n<\/a><a href=\"mailto:info@royaldiamonds.hu\">info@royaldiamonds.hu<\/a><\/p>\n<\/div>\n<\/div>\n<\/div>\n<\/div>\n<\/div>\n<\/div>\n","protected":false},"excerpt":{"rendered":"<p>LAULI JEWELLERY STORE 1137. BUDAPEST, Pozsonyi Street 9. tel. no.: +3613404039 info@royaldiamonds.hu<\/p>\n","protected":false},"author":1,"featured_media":0,"parent":5579,"menu_order":0,"comment_status":"closed","ping_status":"closed","template":"","meta":{"_acf_changed":false,"footnotes":""},"class_list":["post-5610","page","type-page","status-publish","hentry"],"acf":[],"yoast_head":"<!-- This site is optimized with the Yoast SEO plugin v24.5 - https:\/\/yoast.com\/wordpress\/plugins\/seo\/ -->\n<title>ROYAL PREMIUM JEWELLERY STORES - Royal Diamonds<\/title>\n<meta name=\"robots\" content=\"index, follow, max-snippet:-1, max-image-preview:large, max-video-preview:-1\" \/>\n<link rel=\"canonical\" href=\"https:\/\/royaldiamonds.hu\/en\/contact-us\/royal-premium-jewellery-stores\/\" \/>\n<meta property=\"og:locale\" content=\"en_US\" \/>\n<meta property=\"og:type\" content=\"article\" \/>\n<meta property=\"og:title\" content=\"ROYAL PREMIUM JEWELLERY STORES - Royal Diamonds\" \/>\n<meta property=\"og:description\" content=\"LAULI JEWELLERY STORE 1137. BUDAPEST, Pozsonyi Street 9. tel. no.: +3613404039 info@royaldiamonds.hu\" \/>\n<meta property=\"og:url\" content=\"https:\/\/royaldiamonds.hu\/en\/contact-us\/royal-premium-jewellery-stores\/\" \/>\n<meta property=\"og:site_name\" content=\"Royal Diamonds\" \/>\n<meta property=\"article:publisher\" content=\"https:\/\/www.facebook.com\/royaldiamonds.opera\" \/>\n<meta property=\"article:modified_time\" content=\"2020-08-27T16:32:25+00:00\" \/>\n<meta property=\"og:image\" content=\"https:\/\/royaldiamonds.hu\/wp-content\/uploads\/2016\/03\/lauli-1-300x255.jpg\" \/>\n<meta name=\"twitter:card\" content=\"summary_large_image\" \/>\n<script type=\"application\/ld+json\" class=\"yoast-schema-graph\">{\"@context\":\"https:\/\/schema.org\",\"@graph\":[{\"@type\":\"WebPage\",\"@id\":\"https:\/\/royaldiamonds.hu\/en\/contact-us\/royal-premium-jewellery-stores\/\",\"url\":\"https:\/\/royaldiamonds.hu\/en\/contact-us\/royal-premium-jewellery-stores\/\",\"name\":\"ROYAL PREMIUM JEWELLERY STORES - Royal Diamonds\",\"isPartOf\":{\"@id\":\"https:\/\/royaldiamonds.hu\/#website\"},\"primaryImageOfPage\":{\"@id\":\"https:\/\/royaldiamonds.hu\/en\/contact-us\/royal-premium-jewellery-stores\/#primaryimage\"},\"image\":{\"@id\":\"https:\/\/royaldiamonds.hu\/en\/contact-us\/royal-premium-jewellery-stores\/#primaryimage\"},\"thumbnailUrl\":\"https:\/\/royaldiamonds.hu\/wp-content\/uploads\/2016\/03\/lauli-1-300x255.jpg\",\"datePublished\":\"2016-03-30T08:13:30+00:00\",\"dateModified\":\"2020-08-27T16:32:25+00:00\",\"breadcrumb\":{\"@id\":\"https:\/\/royaldiamonds.hu\/en\/contact-us\/royal-premium-jewellery-stores\/#breadcrumb\"},\"inLanguage\":\"en-US\",\"potentialAction\":[{\"@type\":\"ReadAction\",\"target\":[\"https:\/\/royaldiamonds.hu\/en\/contact-us\/royal-premium-jewellery-stores\/\"]}]},{\"@type\":\"ImageObject\",\"inLanguage\":\"en-US\",\"@id\":\"https:\/\/royaldiamonds.hu\/en\/contact-us\/royal-premium-jewellery-stores\/#primaryimage\",\"url\":\"https:\/\/royaldiamonds.hu\/wp-content\/uploads\/2016\/03\/lauli-1-300x255.jpg\",\"contentUrl\":\"https:\/\/royaldiamonds.hu\/wp-content\/uploads\/2016\/03\/lauli-1-300x255.jpg\"},{\"@type\":\"BreadcrumbList\",\"@id\":\"https:\/\/royaldiamonds.hu\/en\/contact-us\/royal-premium-jewellery-stores\/#breadcrumb\",\"itemListElement\":[{\"@type\":\"ListItem\",\"position\":1,\"name\":\"Home\",\"item\":\"https:\/\/royaldiamonds.hu\/en\/\"},{\"@type\":\"ListItem\",\"position\":2,\"name\":\"Contact us\",\"item\":\"https:\/\/royaldiamonds.hu\/en\/contact-us\/\"},{\"@type\":\"ListItem\",\"position\":3,\"name\":\"ROYAL PREMIUM JEWELLERY STORES\"}]},{\"@type\":\"WebSite\",\"@id\":\"https:\/\/royaldiamonds.hu\/#website\",\"url\":\"https:\/\/royaldiamonds.hu\/\",\"name\":\"Royal Diamonds\",\"description\":\"Aj\u00e1nd\u00e9kozzon val\u00f3di \u00e9rt\u00e9ket \u00e9s v\u00e1logasson a szebbn\u00e9l szebb k\u00fcl\u00f6nb\u00f6z\u0151 dr\u00e1gak\u00f6vekkel \u00e9s gy\u00e9m\u00e1ntokkal \u00e9kes\u00edtett egyedi \u00e9kszereink k\u00f6z\u00f6tt.\",\"publisher\":{\"@id\":\"https:\/\/royaldiamonds.hu\/#organization\"},\"potentialAction\":[{\"@type\":\"SearchAction\",\"target\":{\"@type\":\"EntryPoint\",\"urlTemplate\":\"https:\/\/royaldiamonds.hu\/?s={search_term_string}\"},\"query-input\":{\"@type\":\"PropertyValueSpecification\",\"valueRequired\":true,\"valueName\":\"search_term_string\"}}],\"inLanguage\":\"en-US\"},{\"@type\":\"Organization\",\"@id\":\"https:\/\/royaldiamonds.hu\/#organization\",\"name\":\"Royal Diamonds\",\"url\":\"https:\/\/royaldiamonds.hu\/\",\"logo\":{\"@type\":\"ImageObject\",\"inLanguage\":\"en-US\",\"@id\":\"https:\/\/royaldiamonds.hu\/#\/schema\/logo\/image\/\",\"url\":\"https:\/\/royaldiamonds.hu\/wp-content\/uploads\/2016\/02\/royal-diamonds-logo-white.png\",\"contentUrl\":\"https:\/\/royaldiamonds.hu\/wp-content\/uploads\/2016\/02\/royal-diamonds-logo-white.png\",\"width\":2294,\"height\":560,\"caption\":\"Royal Diamonds\"},\"image\":{\"@id\":\"https:\/\/royaldiamonds.hu\/#\/schema\/logo\/image\/\"},\"sameAs\":[\"https:\/\/www.facebook.com\/royaldiamonds.opera\"]}]}<\/script>\n<!-- \/ Yoast SEO plugin. -->","yoast_head_json":{"title":"ROYAL PREMIUM JEWELLERY STORES - Royal Diamonds","robots":{"index":"index","follow":"follow","max-snippet":"max-snippet:-1","max-image-preview":"max-image-preview:large","max-video-preview":"max-video-preview:-1"},"canonical":"https:\/\/royaldiamonds.hu\/en\/contact-us\/royal-premium-jewellery-stores\/","og_locale":"en_US","og_type":"article","og_title":"ROYAL PREMIUM JEWELLERY STORES - Royal Diamonds","og_description":"LAULI JEWELLERY STORE 1137. BUDAPEST, Pozsonyi Street 9. tel. no.: +3613404039 info@royaldiamonds.hu","og_url":"https:\/\/royaldiamonds.hu\/en\/contact-us\/royal-premium-jewellery-stores\/","og_site_name":"Royal Diamonds","article_publisher":"https:\/\/www.facebook.com\/royaldiamonds.opera","article_modified_time":"2020-08-27T16:32:25+00:00","og_image":[{"url":"https:\/\/royaldiamonds.hu\/wp-content\/uploads\/2016\/03\/lauli-1-300x255.jpg","type":"","width":"","height":""}],"twitter_card":"summary_large_image","schema":{"@context":"https:\/\/schema.org","@graph":[{"@type":"WebPage","@id":"https:\/\/royaldiamonds.hu\/en\/contact-us\/royal-premium-jewellery-stores\/","url":"https:\/\/royaldiamonds.hu\/en\/contact-us\/royal-premium-jewellery-stores\/","name":"ROYAL PREMIUM JEWELLERY STORES - Royal Diamonds","isPartOf":{"@id":"https:\/\/royaldiamonds.hu\/#website"},"primaryImageOfPage":{"@id":"https:\/\/royaldiamonds.hu\/en\/contact-us\/royal-premium-jewellery-stores\/#primaryimage"},"image":{"@id":"https:\/\/royaldiamonds.hu\/en\/contact-us\/royal-premium-jewellery-stores\/#primaryimage"},"thumbnailUrl":"https:\/\/royaldiamonds.hu\/wp-content\/uploads\/2016\/03\/lauli-1-300x255.jpg","datePublished":"2016-03-30T08:13:30+00:00","dateModified":"2020-08-27T16:32:25+00:00","breadcrumb":{"@id":"https:\/\/royaldiamonds.hu\/en\/contact-us\/royal-premium-jewellery-stores\/#breadcrumb"},"inLanguage":"en-US","potentialAction":[{"@type":"ReadAction","target":["https:\/\/royaldiamonds.hu\/en\/contact-us\/royal-premium-jewellery-stores\/"]}]},{"@type":"ImageObject","inLanguage":"en-US","@id":"https:\/\/royaldiamonds.hu\/en\/contact-us\/royal-premium-jewellery-stores\/#primaryimage","url":"https:\/\/royaldiamonds.hu\/wp-content\/uploads\/2016\/03\/lauli-1-300x255.jpg","contentUrl":"https:\/\/royaldiamonds.hu\/wp-content\/uploads\/2016\/03\/lauli-1-300x255.jpg"},{"@type":"BreadcrumbList","@id":"https:\/\/royaldiamonds.hu\/en\/contact-us\/royal-premium-jewellery-stores\/#breadcrumb","itemListElement":[{"@type":"ListItem","position":1,"name":"Home","item":"https:\/\/royaldiamonds.hu\/en\/"},{"@type":"ListItem","position":2,"name":"Contact us","item":"https:\/\/royaldiamonds.hu\/en\/contact-us\/"},{"@type":"ListItem","position":3,"name":"ROYAL PREMIUM JEWELLERY STORES"}]},{"@type":"WebSite","@id":"https:\/\/royaldiamonds.hu\/#website","url":"https:\/\/royaldiamonds.hu\/","name":"Royal Diamonds","description":"Aj\u00e1nd\u00e9kozzon val\u00f3di \u00e9rt\u00e9ket \u00e9s v\u00e1logasson a szebbn\u00e9l szebb k\u00fcl\u00f6nb\u00f6z\u0151 dr\u00e1gak\u00f6vekkel \u00e9s gy\u00e9m\u00e1ntokkal \u00e9kes\u00edtett egyedi \u00e9kszereink k\u00f6z\u00f6tt.","publisher":{"@id":"https:\/\/royaldiamonds.hu\/#organization"},"potentialAction":[{"@type":"SearchAction","target":{"@type":"EntryPoint","urlTemplate":"https:\/\/royaldiamonds.hu\/?s={search_term_string}"},"query-input":{"@type":"PropertyValueSpecification","valueRequired":true,"valueName":"search_term_string"}}],"inLanguage":"en-US"},{"@type":"Organization","@id":"https:\/\/royaldiamonds.hu\/#organization","name":"Royal Diamonds","url":"https:\/\/royaldiamonds.hu\/","logo":{"@type":"ImageObject","inLanguage":"en-US","@id":"https:\/\/royaldiamonds.hu\/#\/schema\/logo\/image\/","url":"https:\/\/royaldiamonds.hu\/wp-content\/uploads\/2016\/02\/royal-diamonds-logo-white.png","contentUrl":"https:\/\/royaldiamonds.hu\/wp-content\/uploads\/2016\/02\/royal-diamonds-logo-white.png","width":2294,"height":560,"caption":"Royal Diamonds"},"image":{"@id":"https:\/\/royaldiamonds.hu\/#\/schema\/logo\/image\/"},"sameAs":["https:\/\/www.facebook.com\/royaldiamonds.opera"]}]}},"_links":{"self":[{"href":"https:\/\/royaldiamonds.hu\/en\/wp-json\/wp\/v2\/pages\/5610","targetHints":{"allow":["GET"]}}],"collection":[{"href":"https:\/\/royaldiamonds.hu\/en\/wp-json\/wp\/v2\/pages"}],"about":[{"href":"https:\/\/royaldiamonds.hu\/en\/wp-json\/wp\/v2\/types\/page"}],"author":[{"embeddable":true,"href":"https:\/\/royaldiamonds.hu\/en\/wp-json\/wp\/v2\/users\/1"}],"replies":[{"embeddable":true,"href":"https:\/\/royaldiamonds.hu\/en\/wp-json\/wp\/v2\/comments?post=5610"}],"version-history":[{"count":0,"href":"https:\/\/royaldiamonds.hu\/en\/wp-json\/wp\/v2\/pages\/5610\/revisions"}],"up":[{"embeddable":true,"href":"https:\/\/royaldiamonds.hu\/en\/wp-json\/wp\/v2\/pages\/5579"}],"wp:attachment":[{"href":"https:\/\/royaldiamonds.hu\/en\/wp-json\/wp\/v2\/media?parent=5610"}],"curies":[{"name":"wp","href":"https:\/\/api.w.org\/{rel}","templated":true}]}}