{"id":5579,"date":"2015-01-29T13:18:02","date_gmt":"2015-01-29T13:18:02","guid":{"rendered":"https:\/\/royaldiamonds.hu\/kapcsolat\/"},"modified":"2020-08-27T17:30:50","modified_gmt":"2020-08-27T16:30:50","slug":"contact-us","status":"publish","type":"page","link":"https:\/\/royaldiamonds.hu\/en\/contact-us\/","title":{"rendered":"Contact us"},"content":{"rendered":"<div id=\"pl-5579\"  class=\"panel-layout\" >\n<div id=\"pg-5579-0\"  class=\"panel-grid panel-no-style\" >\n<div id=\"pgc-5579-0-0\"  class=\"panel-grid-cell\"  data-weight=\"1\" >\n<div id=\"panel-5579-0-0-0\" class=\"so-panel widget widget_text panel-first-child panel-last-child\" data-index=\"0\" data-style=\"{&quot;background_display&quot;:&quot;tile&quot;}\" >\n<div class=\"textwidget\">\n<div id=\"custom-map\" data-stores=\"contact\"><!-- Custom map with multiple markers. Do not modify pls. --><\/div>\n<\/div><\/div>\n<\/div>\n<\/div>\n<div id=\"pg-5579-1\"  class=\"panel-grid panel-no-style\" >\n<div id=\"pgc-5579-1-0\"  class=\"panel-grid-cell\"  data-weight=\"1\" >\n<div id=\"panel-5579-1-0-0\" class=\"so-panel widget widget_sow-editor panel-first-child panel-last-child\" data-index=\"1\" data-style=\"{&quot;background_image_attachment&quot;:false,&quot;background_display&quot;:&quot;tile&quot;}\" >\n<div class=\"so-widget-sow-editor so-widget-sow-editor-base\">\n<div class=\"siteorigin-widget-tinymce textwidget\">\n<hr style=\"height: 1px; width: 100%; background: #eee; margin: 20px 0;\" \/>\n<div>\n<h3><a href=\"https:\/\/royaldiamonds.hu\/en\/contact-us\/royal-diamonds-exclusive-jewellery-store\/\">ROYAL DIAMOND EXCLUSIVE JEWELLERY STORE &amp; SHOWROOM<\/a><\/h3>\n<table border=\"0\">\n<tbody>\n<tr>\n<td><a href=\"https:\/\/royaldiamonds.hu\/en\/contact-us\/royal-diamonds-exclusive-jewellery-store\/\">Royal Diamond Exclusive Store<\/a><\/td>\n<td>1061 Bp., Dalsz\u00ednh\u00e1z utca 8.<\/td>\n<td>tel: <a href=\"tel:+3613122926\">+3613122926<\/a><\/td>\n<td><a href=\"mailto:info@royaldiamonds.hu\">info@royaldiamonds.hu<\/a><\/td>\n<\/tr>\n<tr>\n<td>Marketing &amp; PR &amp; Events<\/td>\n<td>1061 Bp., Dalsz\u00ednh\u00e1z utca 8.<\/td>\n<td>tel: <a href=\"tel:+36203891887\">+36203891887<\/a><\/td>\n<td><a href=\"mailto:gronai@t-online.hu\">gronai@t-online.hu<\/a><\/td>\n<\/tr>\n<\/tbody>\n<\/table>\n<hr style=\"height: 1px; width: 100%; background: #eee; margin: 20px 0;\" \/>\n<h3><a href=\"https:\/\/royaldiamonds.hu\/en\/contact-us\/royal-premium-jewellery-stores\/\">ROYAL PREMIUM JEWELLERY STORES<\/a><\/h3>\n<table border=\"0\">\n<tbody>\n<tr>\n<td><a href=\"https:\/\/royaldiamonds.hu\/en\/contact-us\/royal-premium-jewellery-stores\/lauli-jewellery-store\/\">Lauli Jewellery Store<\/a><\/td>\n<td>1137 Bp., Pozsonyi \u00fat 9.<\/td>\n<td>tel: <a href=\"tel:+3613404039\">+3613404039<\/a><\/td>\n<td><a href=\"mailto:info@royaldiamonds.hu\">info@royaldiamonds.hu<\/a><\/td>\n<\/tr>\n<\/tbody>\n<\/table>\n<p style=\"text-align: center;\">The collections Royal Fashion Corners consist of beautiful discounted gold jewels, discounted repolished jewels, as well as a few smaller discounted diamond pieces.<br \/>\n<a href=\"http:\/\/www.royalzalog.hu\" target=\"_blank\" rel=\"noopener noreferrer\">WWW.ROYALZALOG.HU<\/a><\/p>\n<\/div>\n<\/div>\n<\/div>\n<\/div>\n<\/div>\n<\/div>\n<div id=\"pg-5579-2\"  class=\"panel-grid panel-no-style\" >\n<div id=\"pgc-5579-2-0\"  class=\"panel-grid-cell\"  data-weight=\"1\" >\n<div id=\"panel-5579-2-0-0\" class=\"so-panel widget widget_black-studio-tinymce widget_black_studio_tinymce panel-first-child panel-last-child\" data-index=\"2\" data-style=\"{&quot;background_display&quot;:&quot;tile&quot;}\" >\n<h3 class=\"widget-title\">Kapcsolat<\/h3>\n<div class=\"textwidget\">[container classname=&#8221;contact_form&#8221; padding=&#8221;40px 0 0&#8243;]<br \/>\n[two_third content_width=&#8221;90%&#8221;][title size=&#8221;small&#8221; type=&#8221;simple&#8221; align=&#8221;left&#8221;]Contact Us[\/title]\n<div class=\"wpcf7 no-js\" id=\"wpcf7-f5582-o1\" lang=\"en-US\" dir=\"ltr\" data-wpcf7-id=\"5582\">\n<div class=\"screen-reader-response\"><p role=\"status\" aria-live=\"polite\" aria-atomic=\"true\"><\/p> <ul><\/ul><\/div>\n<form action=\"\/en\/wp-json\/wp\/v2\/pages\/5579#wpcf7-f5582-o1\" method=\"post\" class=\"wpcf7-form init wpcf7-acceptance-as-validation\" aria-label=\"Contact form\" novalidate=\"novalidate\" data-status=\"init\">\n<div style=\"display: none;\">\n<input type=\"hidden\" name=\"_wpcf7\" value=\"5582\" \/>\n<input type=\"hidden\" name=\"_wpcf7_version\" value=\"6.0.4\" \/>\n<input type=\"hidden\" name=\"_wpcf7_locale\" value=\"en_US\" \/>\n<input type=\"hidden\" name=\"_wpcf7_unit_tag\" value=\"wpcf7-f5582-o1\" \/>\n<input type=\"hidden\" name=\"_wpcf7_container_post\" value=\"0\" \/>\n<input type=\"hidden\" name=\"_wpcf7_posted_data_hash\" value=\"\" \/>\n<\/div>\n<div class=\"contact-input\">\n\t<p>Name (mandatory)\n\t<\/p>\n\t<p><span class=\"wpcf7-form-control-wrap\" data-name=\"your-name\"><input size=\"40\" maxlength=\"400\" class=\"wpcf7-form-control wpcf7-text wpcf7-validates-as-required\" aria-required=\"true\" aria-invalid=\"false\" value=\"\" type=\"text\" name=\"your-name\" \/><\/span>\n\t<\/p>\n<\/div>\n<div class=\"contact-input\">\n\t<p>Email (mandatory)\n\t<\/p>\n\t<p><span class=\"wpcf7-form-control-wrap\" data-name=\"your-email\"><input size=\"40\" maxlength=\"400\" class=\"wpcf7-form-control wpcf7-email wpcf7-validates-as-required wpcf7-text wpcf7-validates-as-email\" aria-required=\"true\" aria-invalid=\"false\" value=\"\" type=\"email\" name=\"your-email\" \/><\/span>\n\t<\/p>\n<\/div>\n<div class=\"contact-input\">\n\t<p>Subject\n\t<\/p>\n\t<p><span class=\"wpcf7-form-control-wrap\" data-name=\"your-subject\"><input size=\"40\" maxlength=\"400\" class=\"wpcf7-form-control wpcf7-text\" aria-invalid=\"false\" value=\"\" type=\"text\" name=\"your-subject\" \/><\/span>\n\t<\/p>\n<\/div>\n<div class=\"contact-textarea\">\n\t<p>Message\n\t<\/p>\n\t<p><span class=\"wpcf7-form-control-wrap\" data-name=\"your-message\"><textarea cols=\"40\" rows=\"10\" maxlength=\"2000\" class=\"wpcf7-form-control wpcf7-textarea\" aria-invalid=\"false\" name=\"your-message\"><\/textarea><\/span>\n\t<\/p>\n<\/div>\n<div class=\"contact-textarea\">\n\t<p><span class=\"wpcf7-form-control-wrap\" data-name=\"terms-and-conds\"><span class=\"wpcf7-form-control wpcf7-acceptance\"><span class=\"wpcf7-list-item\"><label><input type=\"checkbox\" name=\"terms-and-conds\" value=\"1\" aria-invalid=\"false\" \/><span class=\"wpcf7-list-item-label\">I accept the <a href=\"https:\/\/royaldiamonds.hu\/adatkezelesi-tajekoztato\/\" target=\"blank\">privacy policy<\/a><\/span><\/label><\/span><\/span><\/span>\n\t<\/p>\n<\/div>\n<p><input class=\"wpcf7-form-control wpcf7-submit has-spinner\" type=\"submit\" value=\"Send\" \/>\n<\/p><p style=\"display: none !important;\" class=\"akismet-fields-container\" data-prefix=\"_wpcf7_ak_\"><label>&#916;<textarea name=\"_wpcf7_ak_hp_textarea\" cols=\"45\" rows=\"8\" maxlength=\"100\"><\/textarea><\/label><input type=\"hidden\" id=\"ak_js_1\" name=\"_wpcf7_ak_js\" value=\"53\"\/><script>document.getElementById( \"ak_js_1\" ).setAttribute( \"value\", ( new Date() ).getTime() );<\/script><\/p><div class=\"wpcf7-response-output\" aria-hidden=\"true\"><\/div>\n<\/form>\n<\/div>\n[\/two_third]<br \/>\n[one_third]<br \/>\n[title size=&#8221;small&#8221; type=&#8221;simple&#8221; align=&#8221;left&#8221;]Where to find us[\/title]<br \/>\n[tm_address phone=&#8221;+3613122926&#8243; email=&#8221;info@royaldiamonds.hu&#8221; email_link=&#8221;mailto:info@royaldiamonds.hu&#8221; address_label=&#8221;Our central address&#8221; phone_label=&#8221;Phone Number&#8221; email_label=&#8221;Email&#8221;]1061 Budapest, Dalsz\u00ednh\u00e1z street 8.<br \/>\nOpening hours:<br \/>\nDuring weekdays: 11:00 &#8211; 19:00 <br \/>\nSaturday: 11:00 &#8211; 14:00 <br \/>\nSunday: CLOSED <br \/>\n[\/tm_address]<br \/>\n[\/one_third]<br \/>\n[\/container]<\/div>\n<\/div>\n<\/div>\n<\/div>\n<\/div>\n","protected":false},"excerpt":{"rendered":"<p>ROYAL DIAMOND EXCLUSIVE JEWELLERY STORE &amp; SHOWROOM Royal Diamond Exclusive Store 1061 Bp., Dalsz\u00ednh\u00e1z utca 8. tel: +3613122926 info@royaldiamonds.hu Marketing &amp; PR &amp; Events 1061 Bp., Dalsz\u00ednh\u00e1z utca 8. tel: +36203891887 gronai@t-online.hu ROYAL PREMIUM JEWELLERY STORES Lauli Jewellery Store 1137 Bp., Pozsonyi \u00fat 9. tel: +3613404039 info@royaldiamonds.hu The collections Royal Fashion Corners consist of beautiful [&hellip;]<\/p>\n","protected":false},"author":2,"featured_media":0,"parent":0,"menu_order":0,"comment_status":"closed","ping_status":"closed","template":"","meta":{"_acf_changed":false,"footnotes":""},"class_list":["post-5579","page","type-page","status-publish","hentry"],"acf":[],"yoast_head":"<!-- This site is optimized with the Yoast SEO plugin v24.5 - https:\/\/yoast.com\/wordpress\/plugins\/seo\/ -->\n<title>Contact us - Royal Diamonds<\/title>\n<meta name=\"robots\" content=\"index, follow, max-snippet:-1, max-image-preview:large, max-video-preview:-1\" \/>\n<link rel=\"canonical\" href=\"https:\/\/royaldiamonds.hu\/en\/contact-us\/\" \/>\n<meta property=\"og:locale\" content=\"en_US\" \/>\n<meta property=\"og:type\" content=\"article\" \/>\n<meta property=\"og:title\" content=\"Contact us - Royal Diamonds\" \/>\n<meta property=\"og:description\" content=\"ROYAL DIAMOND EXCLUSIVE JEWELLERY STORE &amp; SHOWROOM Royal Diamond Exclusive Store 1061 Bp., Dalsz\u00ednh\u00e1z utca 8. tel: +3613122926 info@royaldiamonds.hu Marketing &amp; PR &amp; Events 1061 Bp., Dalsz\u00ednh\u00e1z utca 8. tel: +36203891887 gronai@t-online.hu ROYAL PREMIUM JEWELLERY STORES Lauli Jewellery Store 1137 Bp., Pozsonyi \u00fat 9. tel: +3613404039 info@royaldiamonds.hu The collections Royal Fashion Corners consist of beautiful [&hellip;]\" \/>\n<meta property=\"og:url\" content=\"https:\/\/royaldiamonds.hu\/en\/contact-us\/\" \/>\n<meta property=\"og:site_name\" content=\"Royal Diamonds\" \/>\n<meta property=\"article:publisher\" content=\"https:\/\/www.facebook.com\/royaldiamonds.opera\" \/>\n<meta property=\"article:modified_time\" content=\"2020-08-27T16:30:50+00:00\" \/>\n<meta property=\"og:image\" content=\"https:\/\/royaldiamonds.hu\/wp-content\/uploads\/2025\/11\/Royaldiamonds-OG.jpg\" \/>\n\t<meta property=\"og:image:width\" content=\"1200\" \/>\n\t<meta property=\"og:image:height\" content=\"630\" \/>\n\t<meta property=\"og:image:type\" content=\"image\/jpeg\" \/>\n<meta name=\"twitter:card\" content=\"summary_large_image\" \/>\n<meta name=\"twitter:label1\" content=\"Est. reading time\" \/>\n\t<meta name=\"twitter:data1\" content=\"1 minute\" \/>\n<script type=\"application\/ld+json\" class=\"yoast-schema-graph\">{\"@context\":\"https:\/\/schema.org\",\"@graph\":[{\"@type\":\"WebPage\",\"@id\":\"https:\/\/royaldiamonds.hu\/en\/contact-us\/\",\"url\":\"https:\/\/royaldiamonds.hu\/en\/contact-us\/\",\"name\":\"Contact us - Royal Diamonds\",\"isPartOf\":{\"@id\":\"https:\/\/royaldiamonds.hu\/#website\"},\"datePublished\":\"2015-01-29T13:18:02+00:00\",\"dateModified\":\"2020-08-27T16:30:50+00:00\",\"breadcrumb\":{\"@id\":\"https:\/\/royaldiamonds.hu\/en\/contact-us\/#breadcrumb\"},\"inLanguage\":\"en-US\",\"potentialAction\":[{\"@type\":\"ReadAction\",\"target\":[\"https:\/\/royaldiamonds.hu\/en\/contact-us\/\"]}]},{\"@type\":\"BreadcrumbList\",\"@id\":\"https:\/\/royaldiamonds.hu\/en\/contact-us\/#breadcrumb\",\"itemListElement\":[{\"@type\":\"ListItem\",\"position\":1,\"name\":\"Home\",\"item\":\"https:\/\/royaldiamonds.hu\/en\/\"},{\"@type\":\"ListItem\",\"position\":2,\"name\":\"Contact us\"}]},{\"@type\":\"WebSite\",\"@id\":\"https:\/\/royaldiamonds.hu\/#website\",\"url\":\"https:\/\/royaldiamonds.hu\/\",\"name\":\"Royal Diamonds\",\"description\":\"Aj\u00e1nd\u00e9kozzon val\u00f3di \u00e9rt\u00e9ket \u00e9s v\u00e1logasson a szebbn\u00e9l szebb k\u00fcl\u00f6nb\u00f6z\u0151 dr\u00e1gak\u00f6vekkel \u00e9s gy\u00e9m\u00e1ntokkal \u00e9kes\u00edtett egyedi \u00e9kszereink k\u00f6z\u00f6tt.\",\"publisher\":{\"@id\":\"https:\/\/royaldiamonds.hu\/#organization\"},\"potentialAction\":[{\"@type\":\"SearchAction\",\"target\":{\"@type\":\"EntryPoint\",\"urlTemplate\":\"https:\/\/royaldiamonds.hu\/?s={search_term_string}\"},\"query-input\":{\"@type\":\"PropertyValueSpecification\",\"valueRequired\":true,\"valueName\":\"search_term_string\"}}],\"inLanguage\":\"en-US\"},{\"@type\":\"Organization\",\"@id\":\"https:\/\/royaldiamonds.hu\/#organization\",\"name\":\"Royal Diamonds\",\"url\":\"https:\/\/royaldiamonds.hu\/\",\"logo\":{\"@type\":\"ImageObject\",\"inLanguage\":\"en-US\",\"@id\":\"https:\/\/royaldiamonds.hu\/#\/schema\/logo\/image\/\",\"url\":\"https:\/\/royaldiamonds.hu\/wp-content\/uploads\/2016\/02\/royal-diamonds-logo-white.png\",\"contentUrl\":\"https:\/\/royaldiamonds.hu\/wp-content\/uploads\/2016\/02\/royal-diamonds-logo-white.png\",\"width\":2294,\"height\":560,\"caption\":\"Royal Diamonds\"},\"image\":{\"@id\":\"https:\/\/royaldiamonds.hu\/#\/schema\/logo\/image\/\"},\"sameAs\":[\"https:\/\/www.facebook.com\/royaldiamonds.opera\"]}]}<\/script>\n<!-- \/ Yoast SEO plugin. -->","yoast_head_json":{"title":"Contact us - Royal Diamonds","robots":{"index":"index","follow":"follow","max-snippet":"max-snippet:-1","max-image-preview":"max-image-preview:large","max-video-preview":"max-video-preview:-1"},"canonical":"https:\/\/royaldiamonds.hu\/en\/contact-us\/","og_locale":"en_US","og_type":"article","og_title":"Contact us - Royal Diamonds","og_description":"ROYAL DIAMOND EXCLUSIVE JEWELLERY STORE &amp; SHOWROOM Royal Diamond Exclusive Store 1061 Bp., Dalsz\u00ednh\u00e1z utca 8. tel: +3613122926 info@royaldiamonds.hu Marketing &amp; PR &amp; Events 1061 Bp., Dalsz\u00ednh\u00e1z utca 8. tel: +36203891887 gronai@t-online.hu ROYAL PREMIUM JEWELLERY STORES Lauli Jewellery Store 1137 Bp., Pozsonyi \u00fat 9. tel: +3613404039 info@royaldiamonds.hu The collections Royal Fashion Corners consist of beautiful [&hellip;]","og_url":"https:\/\/royaldiamonds.hu\/en\/contact-us\/","og_site_name":"Royal Diamonds","article_publisher":"https:\/\/www.facebook.com\/royaldiamonds.opera","article_modified_time":"2020-08-27T16:30:50+00:00","og_image":[{"width":1200,"height":630,"url":"https:\/\/royaldiamonds.hu\/wp-content\/uploads\/2025\/11\/Royaldiamonds-OG.jpg","type":"image\/jpeg"}],"twitter_card":"summary_large_image","twitter_misc":{"Est. reading time":"1 minute"},"schema":{"@context":"https:\/\/schema.org","@graph":[{"@type":"WebPage","@id":"https:\/\/royaldiamonds.hu\/en\/contact-us\/","url":"https:\/\/royaldiamonds.hu\/en\/contact-us\/","name":"Contact us - Royal Diamonds","isPartOf":{"@id":"https:\/\/royaldiamonds.hu\/#website"},"datePublished":"2015-01-29T13:18:02+00:00","dateModified":"2020-08-27T16:30:50+00:00","breadcrumb":{"@id":"https:\/\/royaldiamonds.hu\/en\/contact-us\/#breadcrumb"},"inLanguage":"en-US","potentialAction":[{"@type":"ReadAction","target":["https:\/\/royaldiamonds.hu\/en\/contact-us\/"]}]},{"@type":"BreadcrumbList","@id":"https:\/\/royaldiamonds.hu\/en\/contact-us\/#breadcrumb","itemListElement":[{"@type":"ListItem","position":1,"name":"Home","item":"https:\/\/royaldiamonds.hu\/en\/"},{"@type":"ListItem","position":2,"name":"Contact us"}]},{"@type":"WebSite","@id":"https:\/\/royaldiamonds.hu\/#website","url":"https:\/\/royaldiamonds.hu\/","name":"Royal Diamonds","description":"Aj\u00e1nd\u00e9kozzon val\u00f3di \u00e9rt\u00e9ket \u00e9s v\u00e1logasson a szebbn\u00e9l szebb k\u00fcl\u00f6nb\u00f6z\u0151 dr\u00e1gak\u00f6vekkel \u00e9s gy\u00e9m\u00e1ntokkal \u00e9kes\u00edtett egyedi \u00e9kszereink k\u00f6z\u00f6tt.","publisher":{"@id":"https:\/\/royaldiamonds.hu\/#organization"},"potentialAction":[{"@type":"SearchAction","target":{"@type":"EntryPoint","urlTemplate":"https:\/\/royaldiamonds.hu\/?s={search_term_string}"},"query-input":{"@type":"PropertyValueSpecification","valueRequired":true,"valueName":"search_term_string"}}],"inLanguage":"en-US"},{"@type":"Organization","@id":"https:\/\/royaldiamonds.hu\/#organization","name":"Royal Diamonds","url":"https:\/\/royaldiamonds.hu\/","logo":{"@type":"ImageObject","inLanguage":"en-US","@id":"https:\/\/royaldiamonds.hu\/#\/schema\/logo\/image\/","url":"https:\/\/royaldiamonds.hu\/wp-content\/uploads\/2016\/02\/royal-diamonds-logo-white.png","contentUrl":"https:\/\/royaldiamonds.hu\/wp-content\/uploads\/2016\/02\/royal-diamonds-logo-white.png","width":2294,"height":560,"caption":"Royal Diamonds"},"image":{"@id":"https:\/\/royaldiamonds.hu\/#\/schema\/logo\/image\/"},"sameAs":["https:\/\/www.facebook.com\/royaldiamonds.opera"]}]}},"_links":{"self":[{"href":"https:\/\/royaldiamonds.hu\/en\/wp-json\/wp\/v2\/pages\/5579","targetHints":{"allow":["GET"]}}],"collection":[{"href":"https:\/\/royaldiamonds.hu\/en\/wp-json\/wp\/v2\/pages"}],"about":[{"href":"https:\/\/royaldiamonds.hu\/en\/wp-json\/wp\/v2\/types\/page"}],"author":[{"embeddable":true,"href":"https:\/\/royaldiamonds.hu\/en\/wp-json\/wp\/v2\/users\/2"}],"replies":[{"embeddable":true,"href":"https:\/\/royaldiamonds.hu\/en\/wp-json\/wp\/v2\/comments?post=5579"}],"version-history":[{"count":0,"href":"https:\/\/royaldiamonds.hu\/en\/wp-json\/wp\/v2\/pages\/5579\/revisions"}],"wp:attachment":[{"href":"https:\/\/royaldiamonds.hu\/en\/wp-json\/wp\/v2\/media?parent=5579"}],"curies":[{"name":"wp","href":"https:\/\/api.w.org\/{rel}","templated":true}]}}