{"id":5522,"date":"2016-02-11T15:53:47","date_gmt":"2016-02-11T15:53:47","guid":{"rendered":"https:\/\/royaldiamonds.hu\/services\/karikagyu%cc%8bru%cc%8b-esku%cc%88vo%cc%8bi-ekszer-kollekcio\/"},"modified":"2025-10-21T21:00:14","modified_gmt":"2025-10-21T20:00:14","slug":"wedding-bands-wedding-jewelry","status":"publish","type":"page","link":"https:\/\/royaldiamonds.hu\/en\/services\/wedding-bands-wedding-jewelry\/","title":{"rendered":"Wedding Bands &#038; Wedding Jewelry"},"content":{"rendered":"<div id=\"pl-5522\"  class=\"panel-layout\" >\n<div id=\"pg-5522-0\"  class=\"panel-grid panel-no-style\" >\n<div id=\"pgc-5522-0-0\"  class=\"panel-grid-cell\"  data-weight=\"0.249999998125\" >\n<div id=\"panel-5522-0-0-0\" class=\"so-panel widget widget_sow-image panel-first-child panel-last-child\" data-index=\"0\" data-style=\"{&quot;background_display&quot;:&quot;tile&quot;}\" >[siteorigin_widget class=&#8221;SiteOrigin_Widget_Image_Widget&#8221;]<input type=\"hidden\" value=\"{&quot;instance&quot;:{&quot;image&quot;:5191,&quot;image_fallback&quot;:&quot;&quot;,&quot;size&quot;:&quot;full&quot;,&quot;align&quot;:&quot;default&quot;,&quot;title&quot;:&quot;&quot;,&quot;title_position&quot;:&quot;hidden&quot;,&quot;alt&quot;:&quot;&quot;,&quot;url&quot;:&quot;&quot;,&quot;bound&quot;:true,&quot;full_width&quot;:true,&quot;_sow_form_id&quot;:&quot;56fbec5f09e2b&quot;,&quot;new_window&quot;:false},&quot;args&quot;:{&quot;before_widget&quot;:&quot;&lt;div id=\\&quot;panel-5522-0-0-0\\&quot; class=\\&quot;so-panel widget widget_sow-image panel-first-child panel-last-child\\&quot; data-index=\\&quot;0\\&quot; data-style=\\&quot;{&amp;quot;background_display&amp;quot;:&amp;quot;tile&amp;quot;}\\&quot; &gt;&quot;,&quot;after_widget&quot;:&quot;&lt;\\\/div&gt;&quot;,&quot;before_title&quot;:&quot;&lt;h3 class=\\&quot;widget-title\\&quot;&gt;&quot;,&quot;after_title&quot;:&quot;&lt;\\\/h3&gt;&quot;,&quot;widget_id&quot;:&quot;widget-0-0-0&quot;}}\" \/>[\/siteorigin_widget]<\/div>\n<\/div>\n<div id=\"pgc-5522-0-1\"  class=\"panel-grid-cell\"  data-weight=\"0.750000001875\" >\n<div id=\"panel-5522-0-1-0\" class=\"so-panel widget widget_sow-editor panel-first-child panel-last-child\" data-index=\"1\" data-style=\"{&quot;background_image_attachment&quot;:false,&quot;background_display&quot;:&quot;tile&quot;}\" >\n<div class=\"so-widget-sow-editor so-widget-sow-editor-base\">\n<div class=\"siteorigin-widget-tinymce textwidget\">\n<p style=\"text-align: justify;\">In our exclusive store you will find the most extraordinary and luxurious for weddings and engagements. Our highly qualified experts will help you to find the most suitable pieces for the big day. A wide range of engagement rings, marital necklaces, wedding combinations and individually designed wedding bands will satisfy the highest demands, however any individual request and design can be realized in order to fulfill your dreams for the big day. <\/p>\n<p>WHERE TO FIND:<\/p>\n<ul>\n<li><a href=\"https:\/\/royaldiamonds.hu\/en\/contact-us\/royal-diamonds-exclusive-jewellery-store\/\">ROYAL DIAMONDS EXCLUSIVE JEWELLERY STORE<\/a><\/li>\n<li><a href=\"https:\/\/royaldiamonds.hu\/en\/contact-us\/royal-premium-jewellery-stores\/lauli-jewellery-store\/\">LAULI JEWELLERY STORE<\/a><\/li>\n<li><a href=\"https:\/\/royaldiamonds.hu\/en\/?page_id=5605\">MAMMUT I. JEWELLERY STORE<\/a><\/li>\n<\/ul>\n<\/div>\n<\/div>\n<\/div>\n<\/div>\n<\/div>\n<\/div>\n","protected":false},"excerpt":{"rendered":"<p>[siteorigin_widget class=&#8221;SiteOrigin_Widget_Image_Widget&#8221;][\/siteorigin_widget] In our exclusive store you will find the most extraordinary and luxurious for weddings and engagements. Our highly qualified experts will help you to find the most suitable pieces for the big day. A wide range of engagement rings, marital necklaces, wedding combinations and individually designed wedding bands will satisfy the highest demands, [&hellip;]<\/p>\n","protected":false},"author":1,"featured_media":0,"parent":5504,"menu_order":0,"comment_status":"closed","ping_status":"closed","template":"","meta":{"_acf_changed":false,"footnotes":""},"class_list":["post-5522","page","type-page","status-publish","hentry"],"acf":[],"yoast_head":"<!-- This site is optimized with the Yoast SEO plugin v24.5 - https:\/\/yoast.com\/wordpress\/plugins\/seo\/ -->\n<title>Wedding Bands &amp; Wedding Jewelry - Royal Diamonds<\/title>\n<meta name=\"robots\" content=\"index, follow, max-snippet:-1, max-image-preview:large, max-video-preview:-1\" \/>\n<link rel=\"canonical\" href=\"https:\/\/royaldiamonds.hu\/szolgaltatasok\/karikagyuru-eskuvoi-ekszer-kollekcio\/\" \/>\n<meta property=\"og:locale\" content=\"en_US\" \/>\n<meta property=\"og:type\" content=\"article\" \/>\n<meta property=\"og:title\" content=\"Wedding Bands &amp; Wedding Jewelry - Royal Diamonds\" \/>\n<meta property=\"og:description\" content=\"[siteorigin_widget class=&#8221;SiteOrigin_Widget_Image_Widget&#8221;][\/siteorigin_widget] In our exclusive store you will find the most extraordinary and luxurious for weddings and engagements. Our highly qualified experts will help you to find the most suitable pieces for the big day. A wide range of engagement rings, marital necklaces, wedding combinations and individually designed wedding bands will satisfy the highest demands, [&hellip;]\" \/>\n<meta property=\"og:url\" content=\"https:\/\/royaldiamonds.hu\/szolgaltatasok\/karikagyuru-eskuvoi-ekszer-kollekcio\/\" \/>\n<meta property=\"og:site_name\" content=\"Royal Diamonds\" \/>\n<meta property=\"article:publisher\" content=\"https:\/\/www.facebook.com\/royaldiamonds.opera\" \/>\n<meta property=\"article:modified_time\" content=\"2025-10-21T20:00:14+00:00\" \/>\n<meta property=\"og:image\" content=\"https:\/\/royaldiamonds.hu\/wp-content\/uploads\/2025\/11\/Royaldiamonds-OG.jpg\" \/>\n\t<meta property=\"og:image:width\" content=\"1200\" \/>\n\t<meta property=\"og:image:height\" content=\"630\" \/>\n\t<meta property=\"og:image:type\" content=\"image\/jpeg\" \/>\n<meta name=\"twitter:card\" content=\"summary_large_image\" \/>\n<script type=\"application\/ld+json\" class=\"yoast-schema-graph\">{\"@context\":\"https:\/\/schema.org\",\"@graph\":[{\"@type\":\"WebPage\",\"@id\":\"https:\/\/royaldiamonds.hu\/szolgaltatasok\/karikagyuru-eskuvoi-ekszer-kollekcio\/\",\"url\":\"https:\/\/royaldiamonds.hu\/szolgaltatasok\/karikagyuru-eskuvoi-ekszer-kollekcio\/\",\"name\":\"Wedding Bands & Wedding Jewelry - Royal Diamonds\",\"isPartOf\":{\"@id\":\"https:\/\/royaldiamonds.hu\/#website\"},\"datePublished\":\"2016-02-11T15:53:47+00:00\",\"dateModified\":\"2025-10-21T20:00:14+00:00\",\"breadcrumb\":{\"@id\":\"https:\/\/royaldiamonds.hu\/szolgaltatasok\/karikagyuru-eskuvoi-ekszer-kollekcio\/#breadcrumb\"},\"inLanguage\":\"en-US\",\"potentialAction\":[{\"@type\":\"ReadAction\",\"target\":[\"https:\/\/royaldiamonds.hu\/szolgaltatasok\/karikagyuru-eskuvoi-ekszer-kollekcio\/\"]}]},{\"@type\":\"BreadcrumbList\",\"@id\":\"https:\/\/royaldiamonds.hu\/szolgaltatasok\/karikagyuru-eskuvoi-ekszer-kollekcio\/#breadcrumb\",\"itemListElement\":[{\"@type\":\"ListItem\",\"position\":1,\"name\":\"Home\",\"item\":\"https:\/\/royaldiamonds.hu\/en\/\"},{\"@type\":\"ListItem\",\"position\":2,\"name\":\"Our Services\",\"item\":\"https:\/\/royaldiamonds.hu\/szolgaltatasok\/\"},{\"@type\":\"ListItem\",\"position\":3,\"name\":\"Wedding Bands &#038; Wedding Jewelry\"}]},{\"@type\":\"WebSite\",\"@id\":\"https:\/\/royaldiamonds.hu\/#website\",\"url\":\"https:\/\/royaldiamonds.hu\/\",\"name\":\"Royal Diamonds\",\"description\":\"Aj\u00e1nd\u00e9kozzon val\u00f3di \u00e9rt\u00e9ket \u00e9s v\u00e1logasson a szebbn\u00e9l szebb k\u00fcl\u00f6nb\u00f6z\u0151 dr\u00e1gak\u00f6vekkel \u00e9s gy\u00e9m\u00e1ntokkal \u00e9kes\u00edtett egyedi \u00e9kszereink k\u00f6z\u00f6tt.\",\"publisher\":{\"@id\":\"https:\/\/royaldiamonds.hu\/#organization\"},\"potentialAction\":[{\"@type\":\"SearchAction\",\"target\":{\"@type\":\"EntryPoint\",\"urlTemplate\":\"https:\/\/royaldiamonds.hu\/?s={search_term_string}\"},\"query-input\":{\"@type\":\"PropertyValueSpecification\",\"valueRequired\":true,\"valueName\":\"search_term_string\"}}],\"inLanguage\":\"en-US\"},{\"@type\":\"Organization\",\"@id\":\"https:\/\/royaldiamonds.hu\/#organization\",\"name\":\"Royal Diamonds\",\"url\":\"https:\/\/royaldiamonds.hu\/\",\"logo\":{\"@type\":\"ImageObject\",\"inLanguage\":\"en-US\",\"@id\":\"https:\/\/royaldiamonds.hu\/#\/schema\/logo\/image\/\",\"url\":\"https:\/\/royaldiamonds.hu\/wp-content\/uploads\/2016\/02\/royal-diamonds-logo-white.png\",\"contentUrl\":\"https:\/\/royaldiamonds.hu\/wp-content\/uploads\/2016\/02\/royal-diamonds-logo-white.png\",\"width\":2294,\"height\":560,\"caption\":\"Royal Diamonds\"},\"image\":{\"@id\":\"https:\/\/royaldiamonds.hu\/#\/schema\/logo\/image\/\"},\"sameAs\":[\"https:\/\/www.facebook.com\/royaldiamonds.opera\"]}]}<\/script>\n<!-- \/ Yoast SEO plugin. -->","yoast_head_json":{"title":"Wedding Bands & Wedding Jewelry - Royal Diamonds","robots":{"index":"index","follow":"follow","max-snippet":"max-snippet:-1","max-image-preview":"max-image-preview:large","max-video-preview":"max-video-preview:-1"},"canonical":"https:\/\/royaldiamonds.hu\/szolgaltatasok\/karikagyuru-eskuvoi-ekszer-kollekcio\/","og_locale":"en_US","og_type":"article","og_title":"Wedding Bands & Wedding Jewelry - Royal Diamonds","og_description":"[siteorigin_widget class=&#8221;SiteOrigin_Widget_Image_Widget&#8221;][\/siteorigin_widget] In our exclusive store you will find the most extraordinary and luxurious for weddings and engagements. Our highly qualified experts will help you to find the most suitable pieces for the big day. A wide range of engagement rings, marital necklaces, wedding combinations and individually designed wedding bands will satisfy the highest demands, [&hellip;]","og_url":"https:\/\/royaldiamonds.hu\/szolgaltatasok\/karikagyuru-eskuvoi-ekszer-kollekcio\/","og_site_name":"Royal Diamonds","article_publisher":"https:\/\/www.facebook.com\/royaldiamonds.opera","article_modified_time":"2025-10-21T20:00:14+00:00","og_image":[{"width":1200,"height":630,"url":"https:\/\/royaldiamonds.hu\/wp-content\/uploads\/2025\/11\/Royaldiamonds-OG.jpg","type":"image\/jpeg"}],"twitter_card":"summary_large_image","schema":{"@context":"https:\/\/schema.org","@graph":[{"@type":"WebPage","@id":"https:\/\/royaldiamonds.hu\/szolgaltatasok\/karikagyuru-eskuvoi-ekszer-kollekcio\/","url":"https:\/\/royaldiamonds.hu\/szolgaltatasok\/karikagyuru-eskuvoi-ekszer-kollekcio\/","name":"Wedding Bands & Wedding Jewelry - Royal Diamonds","isPartOf":{"@id":"https:\/\/royaldiamonds.hu\/#website"},"datePublished":"2016-02-11T15:53:47+00:00","dateModified":"2025-10-21T20:00:14+00:00","breadcrumb":{"@id":"https:\/\/royaldiamonds.hu\/szolgaltatasok\/karikagyuru-eskuvoi-ekszer-kollekcio\/#breadcrumb"},"inLanguage":"en-US","potentialAction":[{"@type":"ReadAction","target":["https:\/\/royaldiamonds.hu\/szolgaltatasok\/karikagyuru-eskuvoi-ekszer-kollekcio\/"]}]},{"@type":"BreadcrumbList","@id":"https:\/\/royaldiamonds.hu\/szolgaltatasok\/karikagyuru-eskuvoi-ekszer-kollekcio\/#breadcrumb","itemListElement":[{"@type":"ListItem","position":1,"name":"Home","item":"https:\/\/royaldiamonds.hu\/en\/"},{"@type":"ListItem","position":2,"name":"Our Services","item":"https:\/\/royaldiamonds.hu\/szolgaltatasok\/"},{"@type":"ListItem","position":3,"name":"Wedding Bands &#038; Wedding Jewelry"}]},{"@type":"WebSite","@id":"https:\/\/royaldiamonds.hu\/#website","url":"https:\/\/royaldiamonds.hu\/","name":"Royal Diamonds","description":"Aj\u00e1nd\u00e9kozzon val\u00f3di \u00e9rt\u00e9ket \u00e9s v\u00e1logasson a szebbn\u00e9l szebb k\u00fcl\u00f6nb\u00f6z\u0151 dr\u00e1gak\u00f6vekkel \u00e9s gy\u00e9m\u00e1ntokkal \u00e9kes\u00edtett egyedi \u00e9kszereink k\u00f6z\u00f6tt.","publisher":{"@id":"https:\/\/royaldiamonds.hu\/#organization"},"potentialAction":[{"@type":"SearchAction","target":{"@type":"EntryPoint","urlTemplate":"https:\/\/royaldiamonds.hu\/?s={search_term_string}"},"query-input":{"@type":"PropertyValueSpecification","valueRequired":true,"valueName":"search_term_string"}}],"inLanguage":"en-US"},{"@type":"Organization","@id":"https:\/\/royaldiamonds.hu\/#organization","name":"Royal Diamonds","url":"https:\/\/royaldiamonds.hu\/","logo":{"@type":"ImageObject","inLanguage":"en-US","@id":"https:\/\/royaldiamonds.hu\/#\/schema\/logo\/image\/","url":"https:\/\/royaldiamonds.hu\/wp-content\/uploads\/2016\/02\/royal-diamonds-logo-white.png","contentUrl":"https:\/\/royaldiamonds.hu\/wp-content\/uploads\/2016\/02\/royal-diamonds-logo-white.png","width":2294,"height":560,"caption":"Royal Diamonds"},"image":{"@id":"https:\/\/royaldiamonds.hu\/#\/schema\/logo\/image\/"},"sameAs":["https:\/\/www.facebook.com\/royaldiamonds.opera"]}]}},"_links":{"self":[{"href":"https:\/\/royaldiamonds.hu\/en\/wp-json\/wp\/v2\/pages\/5522","targetHints":{"allow":["GET"]}}],"collection":[{"href":"https:\/\/royaldiamonds.hu\/en\/wp-json\/wp\/v2\/pages"}],"about":[{"href":"https:\/\/royaldiamonds.hu\/en\/wp-json\/wp\/v2\/types\/page"}],"author":[{"embeddable":true,"href":"https:\/\/royaldiamonds.hu\/en\/wp-json\/wp\/v2\/users\/1"}],"replies":[{"embeddable":true,"href":"https:\/\/royaldiamonds.hu\/en\/wp-json\/wp\/v2\/comments?post=5522"}],"version-history":[{"count":1,"href":"https:\/\/royaldiamonds.hu\/en\/wp-json\/wp\/v2\/pages\/5522\/revisions"}],"predecessor-version":[{"id":9689,"href":"https:\/\/royaldiamonds.hu\/en\/wp-json\/wp\/v2\/pages\/5522\/revisions\/9689"}],"up":[{"embeddable":true,"href":"https:\/\/royaldiamonds.hu\/en\/wp-json\/wp\/v2\/pages\/5504"}],"wp:attachment":[{"href":"https:\/\/royaldiamonds.hu\/en\/wp-json\/wp\/v2\/media?parent=5522"}],"curies":[{"name":"wp","href":"https:\/\/api.w.org\/{rel}","templated":true}]}}